{"id":239887,"date":"2021-05-11T13:53:09","date_gmt":"2021-05-11T13:53:09","guid":{"rendered":"https:\/\/neu.zwisstex.com\/?page_id=239887"},"modified":"2021-09-29T11:50:41","modified_gmt":"2021-09-29T11:50:41","slug":"datenschutzerklaerung","status":"publish","type":"page","link":"https:\/\/zwisstex.com\/en\/datenschutzerklaerung\/","title":{"rendered":"Privacy policy"},"content":{"rendered":"<p>[et_pb_section fb_built=&#8220;1&#8243; next_background_color=&#8220;#315B6A&#8220; admin_label=&#8220;Hero&#8220; _builder_version=&#8220;4.9.4&#8243; use_background_color_gradient=&#8220;on&#8220; background_color_gradient_start=&#8220;rgba(49,91,106,0.82)&#8220; background_color_gradient_end=&#8220;rgba(68,156,168,0.43)&#8220; background_color_gradient_direction=&#8220;120deg&#8220; background_color_gradient_start_position=&#8220;4%&#8220; background_color_gradient_overlays_image=&#8220;on&#8220; background_image=&#8220;https:\/\/zwisstex.com\/wp-content\/uploads\/2021\/05\/FotoJet-5.jpg&#8220; height_tablet=&#8220;243px&#8220; height_phone=&#8220;193px&#8220; height_last_edited=&#8220;on|phone&#8220; custom_margin=&#8220;||0px||false|false&#8220; custom_margin_tablet=&#8220;&#8220; custom_margin_phone=&#8220;-19px||0px||false|false&#8220; custom_margin_last_edited=&#8220;on|phone&#8220; custom_padding=&#8220;1vw||90px||false|false&#8220; bottom_divider_style=&#8220;mountains2&#8243; bottom_divider_height=&#8220;7vw&#8220; bottom_divider_repeat=&#8220;0.6x&#8220; bottom_divider_flip=&#8220;horizontal|vertical&#8220;][et_pb_row use_custom_gutter=&#8220;on&#8220; gutter_width=&#8220;1&#8243; disabled_on=&#8220;on|off|off&#8220; module_class=&#8220; et_pb_row_fullwidth&#8220; _builder_version=&#8220;4.9.4&#8243; width=&#8220;100%&#8220; width_tablet=&#8220;100%&#8220; width_phone=&#8220;&#8220; width_last_edited=&#8220;on|desktop&#8220; max_width=&#8220;100%&#8220; max_width_tablet=&#8220;100%&#8220; max_width_phone=&#8220;&#8220; max_width_last_edited=&#8220;on|desktop&#8220; custom_margin=&#8220;0px||81px||false|false&#8220; custom_padding=&#8220;72px||119px||false|false&#8220; make_fullwidth=&#8220;on&#8220; locked=&#8220;off&#8220;][et_pb_column type=&#8220;4_4&#8243; _builder_version=&#8220;3.25&#8243; custom_padding=&#8220;|||&#8220; custom_padding__hover=&#8220;|||&#8220;][et_pb_text _builder_version=&#8220;4.9.4&#8243; text_font=&#8220;Poppins|700||on|||||&#8220; text_text_color=&#8220;rgba(255,255,255,0.2)&#8220; text_font_size=&#8220;18vw&#8220; text_line_height=&#8220;1em&#8220; quote_font=&#8220;||||||||&#8220; header_font=&#8220;||||||||&#8220; custom_margin=&#8220;||-0.4em|||&#8220; custom_padding=&#8220;|||&#8220; animation_direction=&#8220;right&#8220; text_font_size_tablet=&#8220;124px&#8220; text_font_size_phone=&#8220;90px&#8220; text_font_size_last_edited=&#8220;off|desktop&#8220;][\/et_pb_text][\/et_pb_column][\/et_pb_row][\/et_pb_section][et_pb_section fb_built=&#8220;1&#8243; custom_padding_last_edited=&#8220;off|desktop&#8220; admin_label=&#8220;Services&#8220; _builder_version=&#8220;4.9.4&#8243; background_color=&#8220;#315B6A&#8220; use_background_color_gradient=&#8220;on&#8220; background_color_gradient_start=&#8220;#315b6a&#8220; background_color_gradient_end=&#8220;#315b6a&#8220; background_color_gradient_overlays_image=&#8220;on&#8220; background_enable_image=&#8220;off&#8220; width=&#8220;100%&#8220; max_width=&#8220;100%&#8220; custom_padding=&#8220;0px||0px|||&#8220; bottom_divider_style=&#8220;slant&#8220; bottom_divider_color=&#8220;#315B6A&#8220; bottom_divider_height=&#8220;34px&#8220; bottom_divider_repeat=&#8220;0x&#8220; bottom_divider_flip=&#8220;horizontal&#8220;][et_pb_row admin_label=&#8220;Content Area&#8220; _builder_version=&#8220;4.9.4&#8243; width=&#8220;90%&#8220; max_width=&#8220;100%&#8220; custom_margin=&#8220;|||0px|false|false&#8220; custom_padding=&#8220;0px|0px|4px|0px|false|false&#8220;][et_pb_column type=&#8220;4_4&#8243; _builder_version=&#8220;3.25&#8243; custom_padding=&#8220;|||&#8220; custom_padding__hover=&#8220;|||&#8220;][et_pb_text _builder_version=&#8220;4.9.4&#8243; text_font=&#8220;Poppins||||||||&#8220; text_font_size=&#8220;18px&#8220; header_font=&#8220;||||||||&#8220; header_text_color=&#8220;rgba(0,0,0,0)&#8220; header_2_font=&#8220;Josefin Sans|700|||||||&#8220; header_2_font_size=&#8220;48px&#8220; header_2_line_height=&#8220;1.4em&#8220; header_3_font=&#8220;Josefin Sans|700||on|||||&#8220; header_3_text_color=&#8220;rgba(43,51,68,0.2)&#8220; text_orientation=&#8220;center&#8220; max_width=&#8220;662px&#8220; module_alignment=&#8220;center&#8220; custom_margin=&#8220;-24px|||50px|false|false&#8220; custom_margin_tablet=&#8220;&#8220; custom_margin_phone=&#8220;-16px|||63px|false|false&#8220; custom_margin_last_edited=&#8220;on|tablet&#8220; custom_padding=&#8220;41px|||||&#8220; custom_padding_tablet=&#8220;|||98px|false|false&#8220; custom_padding_phone=&#8220;||0px|24px|false|false&#8220; custom_padding_last_edited=&#8220;on|phone&#8220; text_font_size_tablet=&#8220;18px&#8220; text_font_size_phone=&#8220;&#8220; text_font_size_last_edited=&#8220;on|tablet&#8220; header_2_text_align_tablet=&#8220;center&#8220; header_2_text_align_phone=&#8220;&#8220; header_2_text_align_last_edited=&#8220;on|tablet&#8220; header_2_font_size_tablet=&#8220;37px&#8220; header_2_font_size_phone=&#8220;21px&#8220; header_2_font_size_last_edited=&#8220;on|phone&#8220; header_2_line_height_tablet=&#8220;1.4em&#8220; header_2_line_height_last_edited=&#8220;off|desktop&#8220; locked=&#8220;off&#8220; inline_fonts=&#8220;Poppins&#8220;]<\/p>\n<p style=\"text-align: center;\">\n<h2><span style=\"color: #ffffff; font-family: Poppins;\"><span style=\"font-weight: 400;\">Datenschutzerkl\u00e4rung<\/span><\/span><\/h2>\n<p>&nbsp;<\/p>\n<p>[\/et_pb_text][\/et_pb_column][\/et_pb_row][\/et_pb_section][et_pb_section fb_built=&#8220;1&#8243; _builder_version=&#8220;4.9.4&#8243; _module_preset=&#8220;default&#8220; background_color=&#8220;#5B6770&#8243; use_background_color_gradient=&#8220;on&#8220; background_color_gradient_start=&#8220;#315b6a&#8220; background_color_gradient_end=&#8220;#5b6770&#8243; background_color_gradient_direction=&#8220;179deg&#8220; background_color_gradient_overlays_image=&#8220;on&#8220; background_enable_image=&#8220;off&#8220; custom_padding=&#8220;||97px|||&#8220; bottom_divider_style=&#8220;slant&#8220; bottom_divider_color=&#8220;#A2AAAD&#8220; bottom_divider_height=&#8220;34px&#8220; bottom_divider_flip=&#8220;horizontal&#8220; locked=&#8220;off&#8220;][et_pb_row _builder_version=&#8220;4.9.4&#8243; _module_preset=&#8220;default&#8220; custom_margin=&#8220;-46px||||false|false&#8220; custom_margin_tablet=&#8220;-81px||||false|false&#8220; custom_margin_phone=&#8220;-94px||||false|false&#8220; custom_margin_last_edited=&#8220;on|phone&#8220;][et_pb_column type=&#8220;4_4&#8243; _builder_version=&#8220;4.9.4&#8243; _module_preset=&#8220;default&#8220;][et_pb_text _builder_version=&#8220;4.9.7&#8243; _module_preset=&#8220;default&#8220; text_font=&#8220;Poppins|300|||||||&#8220; text_text_color=&#8220;#FFFFFF&#8220; hover_enabled=&#8220;0&#8243; sticky_enabled=&#8220;0&#8243;]<\/p>\n<p>Wir nehmen das Grundrecht auf Datenschutz ernst und m\u00f6chten Sie hiermit \u00fcber Art und Umfang der von uns erhobenen, genutzten und verarbeiteten personenbezogenen Daten informieren und Sie \u00fcber den Zweck der Verarbeitungsvorg\u00e4nge sowie \u00fcber die Ihnen zustehenden Rechte aufkl\u00e4ren.<\/p>\n<ol>\n<li><strong> Allgemeines<\/strong><\/li>\n<\/ol>\n<p>Diese Datenschutzerkl\u00e4rung informieren \u00fcber den Umgang mit personenbezogenen Daten und die Datenverarbeitung durch den nachfolgenden Verantwortlichen im Sinne der europ\u00e4ischen Datenschutz-Grundverordnung (DSGVO):<\/p>\n<p><strong>zwissTEX Germany GmbH<\/strong><br \/><strong>vertr. d. d. Gesch\u00e4ftsf\u00fchrerin Dr. Ulrike Neubauer<\/strong><br \/><strong>Heuchlinger Stra\u00dfe 33-35<\/strong><br \/><strong>89547 Gerstetten-Heldenfingen<\/strong><br \/><strong>E-Mail: info@zwisstex.com<\/strong><\/p>\n<p>Die zwissTEX Germany GmbH ist Teil der Dr. Zwissler Holding AG.<\/p>\n<p>Der Datenschutzbeauftragte des Verantwortlichen ist unter folgender Adresse erreichbar:<\/p>\n<p><strong><span style=\"color: #de8078;\">Karl-Benz-Str. 6<\/span><\/strong><br \/><span style=\"color: #de8078;\"><strong>73312 Geislingen<\/strong><\/span><br \/><span style=\"color: #de8078;\"><strong>Tel.: +49 73 31 | 30 709 \u2013 0<\/strong><\/span><br \/><span style=\"color: #de8078;\"><strong>E-Mail: info@mybe.eu<\/strong><\/span><\/p>\n<ol start=\"2\">\n<li><strong>Cookies<\/strong><\/li>\n<\/ol>\n<p>Wir setzen auf unserer Internetseite Cookies ein. Cookies sind Textdateien, die \u00fcber einen Internetbrowser auf einem Computersystem abgelegt und gespeichert werden. Viele Cookies enthalten eine sogenannte Cookie-ID, d.h. eine eindeutige Kennung des Cookies. Diese besteht aus einer Zeichenfolge, durch die Internetseiten und Server dem konkreten Internetbrowser zugeordnet werden k\u00f6nnen, in dem das Cookie gespeichert wurde. Den besuchten Internetseiten und Servern wird dadurch erm\u00f6glicht, den individuellen Browser der betroffenen Person von anderen Internetbrowsern, die andere Cookies enthalten, zu unterscheiden. Somit kann ein bestimmter Internetbrowser \u00fcber die Cookie- ID wiedererkannt und identifiziert werden.<\/p>\n<p>Wir setzen hierzu sogenannte Session-Cookies ein, anhand derer erkannt werden kann, dass Sie einzelne Seiten unserer Internetseite besucht haben. Diese werden nach Verlassen unserer Seite automatisch gel\u00f6scht.<\/p>\n<p>Au\u00dferdem setzen wir ebenfalls zur Optimierung der Benutzerfreundlichkeit tempor\u00e4re Cookies ein, die f\u00fcr einen bestimmten festgelegten Zeitraum auf Ihrem Endger\u00e4t gespeichert werden. Wird die Seite erneut besucht, wird automatisch erkannt, dass Sie uns bereits besucht haben und welche Einstellungen und Eingaben Sie get\u00e4tigt haben, sodass sie diese nicht nochmals eingeben m\u00fcssen.<\/p>\n<p>Die meisten Browser akzeptieren Cookies automatisch. Sie k\u00f6nnen Ihren Browser jedoch so konfigurieren, dass keine Cookies auf Ihrem Computer gespeichert werden oder stets ein Hinweis erscheint, bevor ein neues Cookie angelegt wird.<\/p>\n<p>Der Setzung von Cookies durch unsere Internetseite kann jederzeit durch eine entsprechende Einstellung des genutzten Internetbrowsers verhindert und damit der Setzung von Cookies dauerhaft widersprochen werden. Bereits gesetzte Cookies k\u00f6nnen jederzeit \u00fcber einen Internetbrowser oder andere Softwareprogramme gel\u00f6scht werden. Dies ist in allen g\u00e4ngigen Internetbrowsern m\u00f6glich. Deaktiviert die betroffene Person die Setzung von Cookies in dem genutzten Internetbrowser vollst\u00e4ndig, k\u00f6nnen m\u00f6glicherweise nicht alle Funktionen unserer Internetseite vollumf\u00e4nglich nutzbar sein.<\/p>\n<ol start=\"3\">\n<li><strong> Erfassung von allgemeinen und personenbezogenen Daten<\/strong><\/li>\n<\/ol>\n<p>Unsere Internetseite erfasst mit jedem Aufruf der Internetseite durch Sie oder ein automatisiertes System allgemeine Daten und Informationen. Diese werden tempor\u00e4r in einem sogenannten Logfile des Servers gespeichert.<\/p>\n<p>Folgende Informationen k\u00f6nnen erfasst und bis zur automatisierten L\u00f6schung gespeichert werden:<\/p>\n<p>(1) verwendete Browsertypen und Versionen,<\/p>\n<p>(2) das vom zugreifenden System verwendete Betriebssystem sowie der Name des Access-Providers,<\/p>\n<p>(3) die Internetseite, von welcher ein zugreifendes System auf unsere Internetseite gelangt (sogenannte Referrer-URL),<\/p>\n<p>(4) die Unterwebseiten, welche \u00fcber ein zugreifendes System auf unserer Internetseite angesteuert werden,<\/p>\n<p>(5) das Datum und die Uhrzeit eines Zugriffs auf die Internetseite,<\/p>\n<p>(6) eine Internet-Protokoll-Adresse (IP-Adresse) des zugreifenden Rechners,<\/p>\n<p>(7) der Internet-Service-Provider des zugreifenden Systems und<\/p>\n<p>(8) sonstige \u00e4hnliche Daten und Informationen, die der Gefahrenabwehr im Falle von Angriffen auf unsere informationstechnologischen Systeme dienen.<\/p>\n<p>Die Rechtsgrundlage f\u00fcr die Datenverarbeitung ist Art. 6 Abs. 1 lit. f DSGVO. Unser berechtigtes Interesse folgt zu den im Folgenden genannten Zwecken.<\/p>\n<p>Diese Informationen werden ben\u00f6tigt, um einen reibungslosen Verbindungsaufbau der Website sowie die komfortable Nutzung der Website zu gew\u00e4hrleisten, die Inhalte unserer Internetseite zu optimieren, Systemsicherheit und Systemstabilit\u00e4t auszuwerten, um Strafverfolgungsbeh\u00f6rden im Falle eines Cyberangriffes die zur Strafverfolgung notwendigen Informationen bereitzustellen.<\/p>\n<p>Die anonym erhobenen Daten und Informationen werden statistisch und mit dem Ziel, den Datenschutz und die Datensicherheit in unserem Unternehmen zu erh\u00f6hen, verwertet. Damit soll ein optimales Schutzniveau f\u00fcr die von uns verarbeiteten personenbezogenen Daten sichergestellt werden. Die anonymen Daten der Server-Logfiles werden getrennt von allen durch eine betroffene Person angegebenen personenbezogenen Daten gespeichert.<\/p>\n<ol start=\"4\">\n<li><strong> Verwendung von YouTube<\/strong><\/li>\n<\/ol>\n<p>F\u00fcr die Einbindung von Videos verwenden wir auf unserer Website den Anbieter YouTube LLC, 901 Cherry Avenue, San Bruno, CA 94066, USA, vertreten durch Google Inc., 1600 Amphitheatre Parkway, Mountain View, CA 94043, USA. Normalerweise wird bereits mit Aufruf einer Seite mit eingebetteten Videos Ihre IP-Adresse an YouTube gesendet und Cookies auf Ihrem Rechner installiert. Sofern wir YouTube-Videos einbinden, erfolgt dies allerdings mit dem erweiterten Datenschutzmodus, was zur Folge hat, dass YouTube zwar Kontakt zu dem Dienst Double Klick von Google aufnimmt, allerdings gem\u00e4\u00df Datenschutzerkl\u00e4rung von Google personenbezogene Daten nicht ausgewertet werden.<\/p>\n<p>Somit werden allein durch den Aufruf und Besuch unserer Website von YouTube keine Informationen \u00fcber Sie mehr gespeichert, es sei denn, Sie willigen ein und sehen sich das Video an. Wenn Sie das Video anklicken, wird Ihre IP-Adresse an YouTube \u00fcbermittelt und YouTube erf\u00e4hrt, dass Sie das Video angesehen haben. Die Datenverarbeitung findet auf Grundlage des Art. 6 Abs. 1 lit. a DSGVO (Einwilligung) statt. Sind Sie bei YouTube eingeloggt, wird diese Information auch Ihrem Benutzerkonto zugeordnet, was Sie dadurch verhindern k\u00f6nnen, dass Sie sich vor dem Aufrufen des Videos bei YouTube ausloggen. Die Daten werden in die Vereinigten Staaten von Amerika \u00fcbertragen.<\/p>\n<p>Von der dann m\u00f6glichen Erhebung und Verwendung Ihrer Daten durch YouTube haben wir keine Kenntnis und darauf auch keinen Einfluss.<\/p>\n<p>Weitere Informationen entnehmen Sie der Datenschutzerkl\u00e4rung von YouTube unter www.google.de\/intl\/de\/policies\/privacy\/.<\/p>\n<p>Hinsichtlich des generellen Umgangs mit Cookies sowie deren Deaktivierung verweisen wir im \u00dcbrigen auf unsere allgemeinen Darstellungen in dieser Datenschutzerkl\u00e4rung.<\/p>\n<ol start=\"4\">\n<li><strong> Verwendung von GoogleMaps<\/strong><\/li>\n<\/ol>\n<p>Wir verwenden zur Darstellung von Karten zum Zweck der Darstellung von Karten und der Erstellung von Anfahrtsrouten auf unserer Website den Dienst Google Maps, welcher von Google Inc., 1600 Amphitheatre Parkway, Mountain View, CA 94043, USA. betrieben wird.<br \/>Durch die Nutzung von Google Maps werden Informationen \u00fcber Ihre Benutzung dieser Website (einschlie\u00dflich Ihrer IP-Adresse) an einen Server von Google in den USA \u00fcbertragen und dort gespeichert werden.<\/p>\n<p>Die Nutzungsbedingungen sind den Seiten des Anbieters zu entnehmen.<\/p>\n<p>Die Datenverarbeitung findet auf Grundlage des Art. 6 Abs. 1 lit. a DSGVO (Einwilligung) statt. Sind Sie bei GoogleMaps eingeloggt, wird diese Information auch Ihrem Benutzerkonto zugeordnet, was Sie dadurch verhindern k\u00f6nnen, dass Sie sich vor dem Aufrufen des Videos ausloggen. Die Daten werden in die Vereinigten Staaten von Amerika \u00fcbertragen.<\/p>\n<p>Von der dann m\u00f6glichen Erhebung und Verwendung Ihrer Daten durch Google haben wir keine Kenntnis und darauf auch keinen Einfluss.<\/p>\n<ol start=\"5\">\n<li><strong> SSL-Verschl\u00fcsselung<\/strong><\/li>\n<\/ol>\n<p>Um Ihre \u00fcbermittelten Daten bestm\u00f6glich zu sch\u00fctzen, nutzen wir eine SSL- Verschl\u00fcsselung. Sie erkennen verschl\u00fcsselte Verbindungen an dem Pr\u00e4fix \u201chttps:\/\/\u201c im Seitenlink in der Adresszeile Ihres Browsers. Unverschl\u00fcsselte Seiten sind durch \u201ehttp:\/\/\u201c gekennzeichnet.<\/p>\n<p>S\u00e4mtliche Daten, welche Sie an diese Website \u00fcbermitteln \u2013 etwa bei Anfragen oder Logins \u2013 k\u00f6nnen dank SSL-Verschl\u00fcsselung nicht von Dritten gelesen werden.<\/p>\n<ol start=\"6\">\n<li><strong> Betroffenenrechte <\/strong><strong><\/strong><\/li>\n<\/ol>\n<ol start=\"6\"><\/ol>\n<p>a) Recht auf Auskunft, Berichtigung, L\u00f6schung, Einschr\u00e4nkung, Daten\u00fcbertragbarkeit und Widerspruch (Art. 13 Abs. 2 b DSGVO)<\/p>\n<p>Als betroffene Person haben Sie jederzeit das Recht auf Auskunft, Berichtigung und L\u00f6schung Ihrer Daten und auf Einschr\u00e4nkung der Verarbeitung, sowie das Recht auf Daten\u00fcbertragbarkeit. Bitte wenden Sie sich hierzu an uns unter den angegebenen Kontaktdaten.<\/p>\n<p>b) Widerspruchsrecht (Art. 13 Abs. 2 c DSGVO)<\/p>\n<p>Soweit Sie uns eine Einwilligung zur Verarbeitung Ihrer Daten f\u00fcr bestimmte Zwecke erteilt haben, ist die Rechtm\u00e4\u00dfigkeit dieser Verarbeitung hier\u00fcber gegeben. Sie k\u00f6nnen Ihre Einwilligung jederzeit mit Wirkung f\u00fcr die Zukunft widerrufen.<\/p>\n<p>Sie haben gem\u00e4\u00df Art. 21. DSGVO das Recht, sofern die Verarbeitung Ihrer Daten f\u00fcr die Wahrnehmung einer Aufgabe erforderlich ist, die im \u00f6ffentlichen Interesse liegt oder in Aus\u00fcbung \u00f6ffentlicher Gewalt oder zur Wahrung berechtigter Interessen der Verantwortlichen erfolgt, dieser Verarbeitung jederzeit f\u00fcr die Zukunft zu widersprechen. Dies gilt auch f\u00fcr ein auf diese Bestimmungen gest\u00fctztes Profiling. Wenn sich aus Ihrer besonderen Situation Gr\u00fcnde ergeben, die dieser Datenverarbeitung entgegenstehen wenden Sie sich bitte an die angegebenen Kontaktdaten. Das umfasst auch das Recht Widerspruch gegen die Verarbeitung zu Werbezwecken einzulegen. Wir werden diese Verarbeitung dann beenden, es sei denn sie dient \u00fcberwiegenden schutzw\u00fcrdigen Interessen unsererseits.<\/p>\n<p>c) Beschwerderecht (Art. 13 Abs. 2 d DSGVO)<\/p>\n<p>Als betroffene Person k\u00f6nnen Sie sich bei Beschwerden jederzeit an den zust\u00e4ndigen Landesbeauftragten f\u00fcr den Datenschutz und die Informationsfreiheit wenden.<\/p>\n<p>d) Automatisierte Entscheidungen im Einzelfall (inklusive Profiling)<\/p>\n<p>Ein Profiling findet seitens der zwissTEX Germany GmbH nicht statt.<\/p>\n<p>[\/et_pb_text][\/et_pb_column][\/et_pb_row][\/et_pb_section]<\/p>\n","protected":false},"excerpt":{"rendered":"<p>Datenschutzerkl\u00e4rung &nbsp;Wir nehmen das Grundrecht auf Datenschutz ernst und m\u00f6chten Sie hiermit \u00fcber Art und Umfang der von uns erhobenen, genutzten und verarbeiteten personenbezogenen Daten informieren und Sie \u00fcber den Zweck der Verarbeitungsvorg\u00e4nge sowie \u00fcber die Ihnen zustehenden Rechte aufkl\u00e4ren. Allgemeines Diese Datenschutzerkl\u00e4rung informieren \u00fcber den Umgang mit personenbezogenen Daten und die Datenverarbeitung durch den [&hellip;]<\/p>\n","protected":false},"author":1,"featured_media":0,"parent":0,"menu_order":0,"comment_status":"closed","ping_status":"closed","template":"","meta":{"_acf_changed":false,"_et_pb_use_builder":"on","_et_pb_old_content":"","_et_gb_content_width":"","footnotes":""},"class_list":["post-239887","page","type-page","status-publish","hentry"],"acf":[],"_links":{"self":[{"href":"https:\/\/zwisstex.com\/en\/wp-json\/wp\/v2\/pages\/239887","targetHints":{"allow":["GET"]}}],"collection":[{"href":"https:\/\/zwisstex.com\/en\/wp-json\/wp\/v2\/pages"}],"about":[{"href":"https:\/\/zwisstex.com\/en\/wp-json\/wp\/v2\/types\/page"}],"author":[{"embeddable":true,"href":"https:\/\/zwisstex.com\/en\/wp-json\/wp\/v2\/users\/1"}],"replies":[{"embeddable":true,"href":"https:\/\/zwisstex.com\/en\/wp-json\/wp\/v2\/comments?post=239887"}],"version-history":[{"count":10,"href":"https:\/\/zwisstex.com\/en\/wp-json\/wp\/v2\/pages\/239887\/revisions"}],"predecessor-version":[{"id":241088,"href":"https:\/\/zwisstex.com\/en\/wp-json\/wp\/v2\/pages\/239887\/revisions\/241088"}],"wp:attachment":[{"href":"https:\/\/zwisstex.com\/en\/wp-json\/wp\/v2\/media?parent=239887"}],"curies":[{"name":"wp","href":"https:\/\/api.w.org\/{rel}","templated":true}]}}