{"id":238816,"date":"2021-04-29T12:14:13","date_gmt":"2021-04-29T12:14:13","guid":{"rendered":"https:\/\/neu.zwisstex.com\/?page_id=238816"},"modified":"2025-01-27T11:32:25","modified_gmt":"2025-01-27T10:32:25","slug":"unsere-leistungen","status":"publish","type":"page","link":"https:\/\/zwisstex.com\/en\/unsere-leistungen\/","title":{"rendered":"Our benefits"},"content":{"rendered":"<p>[et_pb_section fb_built=&#8220;1&#8243; admin_label=&#8220;Hero&#8220; _builder_version=&#8220;4.16&#8243; use_background_color_gradient=&#8220;on&#8220; background_color_gradient_direction=&#8220;58deg&#8220; background_color_gradient_stops=&#8220;#315b6a 4%|rgba(68,156,168,0.43) 100%&#8220; background_color_gradient_overlays_image=&#8220;on&#8220; background_color_gradient_start=&#8220;#315b6a&#8220; background_color_gradient_start_position=&#8220;4%&#8220; background_color_gradient_end=&#8220;rgba(68,156,168,0.43)&#8220; background_image=&#8220;https:\/\/zwisstex.com\/wp-content\/uploads\/2021\/04\/photo-1455849318743-b2233052fcff.jpg&#8220; height_tablet=&#8220;&#8220; height_phone=&#8220;&#8220; height_last_edited=&#8220;on|phone&#8220; custom_margin=&#8220;||0px||false|false&#8220; custom_margin_tablet=&#8220;&#8220; custom_margin_phone=&#8220;-34px||||false|false&#8220; custom_margin_last_edited=&#8220;on|phone&#8220; custom_padding=&#8220;1vw||90px||false|false&#8220; bottom_divider_style=&#8220;mountains2&#8243; bottom_divider_color=&#8220;#449CA8&#8243; bottom_divider_height=&#8220;7vw&#8220; bottom_divider_repeat=&#8220;0.6x&#8220; bottom_divider_flip=&#8220;horizontal|vertical&#8220; global_colors_info=&#8220;{}&#8220;][et_pb_row use_custom_gutter=&#8220;on&#8220; gutter_width=&#8220;1&#8243; disabled_on=&#8220;off|off|off&#8220; module_class=&#8220; et_pb_row_fullwidth&#8220; _builder_version=&#8220;4.16&#8243; width=&#8220;100%&#8220; width_tablet=&#8220;100%&#8220; width_phone=&#8220;&#8220; width_last_edited=&#8220;on|desktop&#8220; max_width=&#8220;100%&#8220; max_width_tablet=&#8220;100%&#8220; max_width_phone=&#8220;&#8220; max_width_last_edited=&#8220;on|desktop&#8220; custom_margin=&#8220;0px|auto|138px|auto|false|false&#8220; custom_padding=&#8220;70px||60px||false|false&#8220; make_fullwidth=&#8220;on&#8220; locked=&#8220;off&#8220; global_colors_info=&#8220;{}&#8220;][et_pb_column type=&#8220;4_4&#8243; _builder_version=&#8220;4.16&#8243; custom_padding=&#8220;|||&#8220; global_colors_info=&#8220;{}&#8220; custom_padding__hover=&#8220;|||&#8220;][et_pb_text _builder_version=&#8220;4.16&#8243; text_font=&#8220;Poppins||||||||&#8220; text_font_size=&#8220;18px&#8220; header_font=&#8220;||||||||&#8220; header_text_color=&#8220;rgba(0,0,0,0)&#8220; header_2_font=&#8220;Josefin Sans|700|||||||&#8220; header_2_font_size=&#8220;48px&#8220; header_2_line_height=&#8220;1.4em&#8220; header_3_font=&#8220;Josefin Sans|700||on|||||&#8220; header_3_text_color=&#8220;rgba(43,51,68,0.2)&#8220; text_orientation=&#8220;center&#8220; max_width=&#8220;700px&#8220; module_alignment=&#8220;center&#8220; custom_margin=&#8220;19px||||false|false&#8220; custom_margin_tablet=&#8220;8px||||false|false&#8220; custom_margin_phone=&#8220;8px||||false|false&#8220; custom_margin_last_edited=&#8220;on|phone&#8220; custom_padding=&#8220;|||&#8220; header_2_font_size_tablet=&#8220;&#8220; header_2_font_size_phone=&#8220;24px&#8220; header_2_font_size_last_edited=&#8220;on|phone&#8220; header_2_line_height_tablet=&#8220;1.4em&#8220; header_2_line_height_last_edited=&#8220;off|desktop&#8220; locked=&#8220;off&#8220; inline_fonts=&#8220;Poppins&#8220; global_colors_info=&#8220;{}&#8220;]<\/p>\n<p>&nbsp;<\/p>\n<h2><span style=\"color: #ffffff; font-family: Poppins; font-weight: normal;\">Unsere Leistungen f\u00fcr Sie<\/span><\/h2>\n<p>[\/et_pb_text][\/et_pb_column][\/et_pb_row][\/et_pb_section][et_pb_section fb_built=&#8220;1&#8243; _builder_version=&#8220;4.16&#8243; _module_preset=&#8220;default&#8220; background_color=&#8220;#FFFFFF&#8220; use_background_color_gradient=&#8220;on&#8220; background_color_gradient_direction=&#8220;181deg&#8220; background_color_gradient_stops=&#8220;#449ca8 0%|rgba(68,156,168,0.41) 100%&#8220; background_color_gradient_overlays_image=&#8220;on&#8220; background_color_gradient_start=&#8220;#449ca8&#8243; background_color_gradient_end=&#8220;rgba(68,156,168,0.41)&#8220; background_image=&#8220;https:\/\/zwisstex.com\/wp-content\/uploads\/2021\/04\/Alcantara-301.1-scaled.jpg&#8220; bottom_divider_style=&#8220;slant&#8220; bottom_divider_color=&#8220;#A2AAAD&#8220; bottom_divider_height=&#8220;37px&#8220; global_colors_info=&#8220;{}&#8220;][et_pb_row column_structure=&#8220;1_3,1_3,1_3&#8243; use_custom_gutter=&#8220;on&#8220; make_equal=&#8220;on&#8220; _builder_version=&#8220;4.16&#8243; _module_preset=&#8220;default&#8220; width=&#8220;90%&#8220; max_width=&#8220;90%&#8220; global_colors_info=&#8220;{}&#8220;][et_pb_column type=&#8220;1_3&#8243; _builder_version=&#8220;4.16&#8243; _module_preset=&#8220;default&#8220; global_colors_info=&#8220;{}&#8220;][et_pb_blurb title=&#8220;Marktgerechte Verg\u00fctung&#8220; image=&#8220;https:\/\/zwisstex.com\/wp-content\/uploads\/2021\/04\/photo-1579170053380-58064b2dee67.jpg&#8220; content_tablet=&#8220;&#8220; content_phone=&#8220;<\/p>\n<p>Gute Arbeit soll sich lohnen.<br \/>Unsere Mitarbeiter sind uns eine<br \/>marktgerechte, <br \/>leistungsbezogene Verg\u00fctung wert.<\/p>\n<p>&#8220; content_last_edited=&#8220;on|phone&#8220; _builder_version=&#8220;4.16&#8243; _module_preset=&#8220;default&#8220; header_font=&#8220;Poppins|||on|||||&#8220; header_text_align=&#8220;center&#8220; header_text_color=&#8220;#FFFFFF&#8220; header_font_size=&#8220;20px&#8220; body_font=&#8220;Poppins|300|||||||&#8220; body_text_align=&#8220;center&#8220; body_text_color=&#8220;#FFFFFF&#8220; background_color=&#8220;#9CA07F&#8220; custom_margin=&#8220;0px|0px||0px|false|false&#8220; custom_padding=&#8220;0px||12px||false|false&#8220; body_font_size_tablet=&#8220;&#8220; body_font_size_phone=&#8220;14px&#8220; body_font_size_last_edited=&#8220;on|phone&#8220; box_shadow_style=&#8220;preset3&#8243; box_shadow_style_image=&#8220;preset3&#8243; global_colors_info=&#8220;{}&#8220;]<\/p>\n<p>Gute Arbeit soll sich lohnen.<br \/>Unsere Mitarbeiter sind uns eine<br \/>marktgerechte, leistungsbezogene Verg\u00fctung wert.<\/p>\n<p>[\/et_pb_blurb][\/et_pb_column][et_pb_column type=&#8220;1_3&#8243; _builder_version=&#8220;4.16&#8243; _module_preset=&#8220;default&#8220; global_colors_info=&#8220;{}&#8220;][et_pb_blurb title=&#8220;Flexible Arbeitszeiten&#8220; image=&#8220;https:\/\/zwisstex.com\/wp-content\/uploads\/2021\/04\/photo-1491295314828-fb03946d9b52.jpg&#8220; _builder_version=&#8220;4.16&#8243; _module_preset=&#8220;default&#8220; header_font=&#8220;Poppins|||on|||||&#8220; header_text_align=&#8220;center&#8220; header_text_color=&#8220;#FFFFFF&#8220; header_font_size=&#8220;20px&#8220; body_font=&#8220;Poppins|300|||||||&#8220; body_text_align=&#8220;center&#8220; body_text_color=&#8220;#FFFFFF&#8220; background_color=&#8220;#9CA07F&#8220; custom_margin=&#8220;0px|0px||0px|false|false&#8220; custom_padding=&#8220;0px||12px||false|false&#8220; body_font_size_tablet=&#8220;&#8220; body_font_size_phone=&#8220;14px&#8220; body_font_size_last_edited=&#8220;on|phone&#8220; box_shadow_style=&#8220;preset3&#8243; box_shadow_style_image=&#8220;preset3&#8243; locked=&#8220;off&#8220; global_colors_info=&#8220;{}&#8220;]<\/p>\n<p>Uns ist wichtig, dass sich Leben und Arbeit<br \/>gut vereinbaren lassen. Hierf\u00fcr k\u00f6nnen wir Ihnen verschiedene Arbeitszeitmodelle anbieten.<\/p>\n<p>[\/et_pb_blurb][\/et_pb_column][et_pb_column type=&#8220;1_3&#8243; _builder_version=&#8220;4.16&#8243; _module_preset=&#8220;default&#8220; global_colors_info=&#8220;{}&#8220;][et_pb_blurb title=&#8220;Moderner Arbeitsplatz&#8220; image=&#8220;https:\/\/zwisstex.com\/wp-content\/uploads\/2021\/06\/DSC_6405-Website.png&#8220; _builder_version=&#8220;4.27.4&#8243; _module_preset=&#8220;default&#8220; header_font=&#8220;Poppins|||on|||||&#8220; header_text_align=&#8220;center&#8220; header_text_color=&#8220;#FFFFFF&#8220; header_font_size=&#8220;20px&#8220; body_font=&#8220;Poppins|300|||||||&#8220; body_text_align=&#8220;center&#8220; body_text_color=&#8220;#FFFFFF&#8220; background_color=&#8220;#9CA07F&#8220; custom_margin=&#8220;0px|0px||0px|false|false&#8220; custom_padding=&#8220;0px||12px||false|false&#8220; hover_enabled=&#8220;0&#8243; body_font_size_tablet=&#8220;&#8220; body_font_size_phone=&#8220;14px&#8220; body_font_size_last_edited=&#8220;on|phone&#8220; box_shadow_style=&#8220;preset3&#8243; box_shadow_style_image=&#8220;preset3&#8243; locked=&#8220;off&#8220; global_colors_info=&#8220;{}&#8220; content_last_edited=&#8220;off|phone&#8220; sticky_enabled=&#8220;0&#8243;]<\/p>\n<p>Bei uns arbeiten Sie an modernen, hellen <br \/>Arbeitspl\u00e4tzen oder an Ihrem Lieblingsplatz im <br \/>Rahmen des mobilen Arbeitens.<\/p>\n<p>[\/et_pb_blurb][\/et_pb_column][\/et_pb_row][et_pb_row column_structure=&#8220;1_3,1_3,1_3&#8243; use_custom_gutter=&#8220;on&#8220; make_equal=&#8220;on&#8220; _builder_version=&#8220;4.16&#8243; _module_preset=&#8220;default&#8220; width=&#8220;90%&#8220; max_width=&#8220;90%&#8220; global_colors_info=&#8220;{}&#8220;][et_pb_column type=&#8220;1_3&#8243; _builder_version=&#8220;4.16&#8243; _module_preset=&#8220;default&#8220; global_colors_info=&#8220;{}&#8220;][et_pb_blurb title=&#8220;WEITERBILDUNGEN&#8220; image=&#8220;https:\/\/zwisstex.com\/wp-content\/uploads\/2021\/04\/Weiterbildung-scaled.jpg&#8220; _builder_version=&#8220;4.16&#8243; _module_preset=&#8220;default&#8220; header_font=&#8220;Poppins|||on|||||&#8220; header_text_align=&#8220;center&#8220; header_text_color=&#8220;#FFFFFF&#8220; header_font_size=&#8220;20px&#8220; body_font=&#8220;Poppins|300|||||||&#8220; body_text_align=&#8220;center&#8220; body_text_color=&#8220;#FFFFFF&#8220; background_color=&#8220;#9CA07F&#8220; custom_margin=&#8220;0px|0px||0px|false|false&#8220; custom_padding=&#8220;0px||12px||false|false&#8220; body_font_size_tablet=&#8220;&#8220; body_font_size_phone=&#8220;14px&#8220; body_font_size_last_edited=&#8220;on|phone&#8220; box_shadow_style=&#8220;preset3&#8243; box_shadow_style_image=&#8220;preset3&#8243; locked=&#8220;off&#8220; global_colors_info=&#8220;{}&#8220;]<\/p>\n<p>Je erfolgreicher unsere Mitarbeiter\/innen sind,<br \/>desto erfolgreicher sind wir als Unternehmen. Individuelle M\u00f6glichkeiten dienen Ihnen zur pers\u00f6nlichen Entfaltung.<\/p>\n<p>[\/et_pb_blurb][\/et_pb_column][et_pb_column type=&#8220;1_3&#8243; _builder_version=&#8220;4.16&#8243; _module_preset=&#8220;default&#8220; global_colors_info=&#8220;{}&#8220;][et_pb_blurb title=&#8220;ALTERSVORSORGE&#8220; image=&#8220;https:\/\/zwisstex.com\/wp-content\/uploads\/2021\/04\/photo-1454418747937-bd95bb945625.jpg&#8220; _builder_version=&#8220;4.16&#8243; _module_preset=&#8220;default&#8220; header_font=&#8220;Poppins|||on|||||&#8220; header_text_align=&#8220;center&#8220; header_text_color=&#8220;#FFFFFF&#8220; header_font_size=&#8220;20px&#8220; body_font=&#8220;Poppins|300|||||||&#8220; body_text_align=&#8220;center&#8220; body_text_color=&#8220;#FFFFFF&#8220; background_color=&#8220;#9CA07F&#8220; custom_margin=&#8220;0px|0px||0px|false|false&#8220; custom_padding=&#8220;0px||12px||false|false&#8220; body_font_size_tablet=&#8220;&#8220; body_font_size_phone=&#8220;14px&#8220; body_font_size_last_edited=&#8220;on|phone&#8220; box_shadow_style=&#8220;preset3&#8243; box_shadow_style_image=&#8220;preset3&#8243; locked=&#8220;off&#8220; global_colors_info=&#8220;{}&#8220;]<\/p>\n<p>Jeder m\u00f6chte auf ein Leben zur\u00fcckblicken,<br \/>das erf\u00fcllend, selbstwirksam und erfolgreich war.<br \/>Daf\u00fcr tragen wir als Ihr Arbeitgeber jeden Tag Sorge.<\/p>\n<p>[\/et_pb_blurb][\/et_pb_column][et_pb_column type=&#8220;1_3&#8243; _builder_version=&#8220;4.16&#8243; _module_preset=&#8220;default&#8220; global_colors_info=&#8220;{}&#8220;][et_pb_blurb title=&#8220;JOBRAD&#8220; image=&#8220;https:\/\/zwisstex.com\/wp-content\/uploads\/2021\/04\/photo-1485965120184-e220f721d03e.jpg&#8220; content_tablet=&#8220;&#8220; content_phone=&#8220;<\/p>\n<p>Wir bieten unseren Mitarbeitern<br \/>die M\u00f6glichkeit, kosteng\u00fcnstig <br \/>ein Dienstfahrrad zu leasen.<br \/>Gut f\u00fcr Gesundheit &#038; Umwelt.<\/p>\n<p>&#8220; content_last_edited=&#8220;on|phone&#8220; _builder_version=&#8220;4.16&#8243; _module_preset=&#8220;default&#8220; header_font=&#8220;Poppins|||on|||||&#8220; header_text_align=&#8220;center&#8220; header_text_color=&#8220;#FFFFFF&#8220; header_font_size=&#8220;20px&#8220; body_font=&#8220;Poppins|300|||||||&#8220; body_text_align=&#8220;center&#8220; body_text_color=&#8220;#FFFFFF&#8220; background_color=&#8220;#9CA07F&#8220; custom_margin=&#8220;0px|0px||0px|false|false&#8220; custom_padding=&#8220;0px||12px||false|false&#8220; body_font_size_tablet=&#8220;14px&#8220; body_font_size_phone=&#8220;&#8220; body_font_size_last_edited=&#8220;on|tablet&#8220; box_shadow_style=&#8220;preset3&#8243; box_shadow_style_image=&#8220;preset3&#8243; global_colors_info=&#8220;{}&#8220;]<\/p>\n<p>Wir bieten unseren Mitarbeitern<br \/>die M\u00f6glichkeit, kosteng\u00fcnstig ein Dienstfahrrad zu leasen.<br \/>Gut f\u00fcr Gesundheit &amp; Umwelt.<\/p>\n<p>[\/et_pb_blurb][\/et_pb_column][\/et_pb_row][\/et_pb_section]<\/p>\n","protected":false},"excerpt":{"rendered":"<p>&nbsp; Unsere Leistungen f\u00fcr SieGute Arbeit soll sich lohnen.Unsere Mitarbeiter sind uns einemarktgerechte, leistungsbezogene Verg\u00fctung wert.Uns ist wichtig, dass sich Leben und Arbeitgut vereinbaren lassen. Hierf\u00fcr k\u00f6nnen wir Ihnen verschiedene Arbeitszeitmodelle anbieten.Bei uns arbeiten Sie an modernen, hellen Arbeitspl\u00e4tzen oder an Ihrem Lieblingsplatz im Rahmen des mobilen Arbeitens.Je erfolgreicher unsere Mitarbeiter\/innen sind,desto erfolgreicher sind wir [&hellip;]<\/p>\n","protected":false},"author":1,"featured_media":0,"parent":0,"menu_order":0,"comment_status":"closed","ping_status":"closed","template":"","meta":{"_acf_changed":false,"_et_pb_use_builder":"on","_et_pb_old_content":"","_et_gb_content_width":"","footnotes":""},"class_list":["post-238816","page","type-page","status-publish","hentry"],"acf":[],"_links":{"self":[{"href":"https:\/\/zwisstex.com\/en\/wp-json\/wp\/v2\/pages\/238816","targetHints":{"allow":["GET"]}}],"collection":[{"href":"https:\/\/zwisstex.com\/en\/wp-json\/wp\/v2\/pages"}],"about":[{"href":"https:\/\/zwisstex.com\/en\/wp-json\/wp\/v2\/types\/page"}],"author":[{"embeddable":true,"href":"https:\/\/zwisstex.com\/en\/wp-json\/wp\/v2\/users\/1"}],"replies":[{"embeddable":true,"href":"https:\/\/zwisstex.com\/en\/wp-json\/wp\/v2\/comments?post=238816"}],"version-history":[{"count":27,"href":"https:\/\/zwisstex.com\/en\/wp-json\/wp\/v2\/pages\/238816\/revisions"}],"predecessor-version":[{"id":241970,"href":"https:\/\/zwisstex.com\/en\/wp-json\/wp\/v2\/pages\/238816\/revisions\/241970"}],"wp:attachment":[{"href":"https:\/\/zwisstex.com\/en\/wp-json\/wp\/v2\/media?parent=238816"}],"curies":[{"name":"wp","href":"https:\/\/api.w.org\/{rel}","templated":true}]}}